{"id":503,"date":"2017-03-04T18:50:44","date_gmt":"2017-03-04T18:50:44","guid":{"rendered":"http:\/\/osmosefilmes.com.br\/site\/?page_id=503"},"modified":"2024-05-15T16:42:38","modified_gmt":"2024-05-15T16:42:38","slug":"portfolio-2","status":"publish","type":"page","link":"http:\/\/osmosefilmes.com.br\/site\/?page_id=503","title":{"rendered":"Portf\u00f3lio"},"content":{"rendered":"<div class=\"title-details-offer__basic-info\">\n<div><\/div>\n<div><a href=\"http:\/\/osmosefilmes.com.br\/site\/?attachment_id=1817\" rel=\"attachment wp-att-1817\"><img loading=\"lazy\" class=\"alignnone size-large wp-image-1817\" src=\"http:\/\/osmosefilmes.com.br\/site\/wp-content\/uploads\/2024\/05\/CBS_ID_chic_show-1024x576.jpg\" alt=\"\" width=\"604\" height=\"340\" srcset=\"http:\/\/osmosefilmes.com.br\/site\/wp-content\/uploads\/2024\/05\/CBS_ID_chic_show-1024x576.jpg 1024w, http:\/\/osmosefilmes.com.br\/site\/wp-content\/uploads\/2024\/05\/CBS_ID_chic_show-300x169.jpg 300w, http:\/\/osmosefilmes.com.br\/site\/wp-content\/uploads\/2024\/05\/CBS_ID_chic_show-768x432.jpg 768w, http:\/\/osmosefilmes.com.br\/site\/wp-content\/uploads\/2024\/05\/CBS_ID_chic_show-1536x864.jpg 1536w, http:\/\/osmosefilmes.com.br\/site\/wp-content\/uploads\/2024\/05\/CBS_ID_chic_show.jpg 1920w\" sizes=\"(max-width: 604px) 100vw, 604px\" \/><\/a><\/div>\n<div class=\"title-details-offer-item\"><span class=\"title-details-offer-item--field\">T\u00edtulo Original:\u00a0<\/span>Chic Show<\/div>\n<div class=\"title-details-offer-item\"><span class=\"title-details-offer-item--field\">Dire\u00e7\u00e3o art\u00edstica:\u00a0<\/span>Em\u00edlio Domingos<\/div>\n<div class=\"title-details-offer-item\"><span class=\"title-details-offer-item--field\">Dire\u00e7\u00e3o:\u00a0<\/span>Felipe Giuntini<\/div>\n<div class=\"title-details-offer-item\"><span class=\"title-details-offer-item--field\">Roteiro:\u00a0<\/span>Milena Manfredini, Thays Berbe<\/div>\n<div>Montagem: Jordana Berg<\/div>\n<div>Fotografia: Leo Bittencourt<\/div>\n<\/div>\n<div class=\"title-details-offer__additional-info\">\n<div class=\"title-details-offer-item\"><span class=\"title-details-offer-item--field\">G\u00eanero:\u00a0<\/span><span class=\"genres\">M\u00fasica,\u00a0Document\u00e1rio,\u00a0<span class=\"genres__item-text\">Diversidade e Identidade<\/span><\/span><\/div>\n<div class=\"title-details-offer-item\"><span class=\"title-details-offer-item--field\">Ano de lan\u00e7amento:\u00a0<\/span>2023<\/div>\n<div>Dura\u00e7\u00e3o: 90 min<\/div>\n<\/div>\n<div id=\"attachment_1814\" style=\"width: 910px\" class=\"wp-caption alignnone\"><a href=\"http:\/\/osmosefilmes.com.br\/site\/?attachment_id=1814\" rel=\"attachment wp-att-1814\"><img aria-describedby=\"caption-attachment-1814\" loading=\"lazy\" class=\"size-full wp-image-1814\" src=\"http:\/\/osmosefilmes.com.br\/site\/wp-content\/uploads\/2024\/05\/159350-02.jpg\" alt=\"\" width=\"900\" height=\"585\" srcset=\"http:\/\/osmosefilmes.com.br\/site\/wp-content\/uploads\/2024\/05\/159350-02.jpg 900w, http:\/\/osmosefilmes.com.br\/site\/wp-content\/uploads\/2024\/05\/159350-02-300x195.jpg 300w, http:\/\/osmosefilmes.com.br\/site\/wp-content\/uploads\/2024\/05\/159350-02-768x499.jpg 768w\" sizes=\"(max-width: 900px) 100vw, 900px\" \/><\/a><p id=\"caption-attachment-1814\" class=\"wp-caption-text\">RJ 17\/07\/1976 Negros. &#8220;Black Soul&#8221;. Foto Arquivo \/ Ag\u00eancia O Globo &#8211; Negativo: 159350<\/p><\/div>\n<p>T\u00edtulo do filme: Black Rio! Black Power!<\/p>\n<p>Dire\u00e7\u00e3o e Roteiro: Emilio Domingos<br \/>\nProdu\u00e7\u00e3o: Leticia Monte, Lula Buarque de Hollanda<br \/>\nProdutores Associados: Dom Fil\u00f3, Cultne, Emilio Domingos<br \/>\nDire\u00e7\u00e3o de Fotografia: Leo Bittencourt, Rita Albano &#8211; Dafb<br \/>\nMontagem: Yan Motta<br \/>\nProdu\u00e7\u00e3o Executiva: Leticia Monte<br \/>\nDire\u00e7\u00e3o de Produ\u00e7\u00e3o: Ligia Turl<br \/>\nPesquisa: Emilio Domingos, Antonio Venancio<br \/>\nSom Direto: Fabio Carneiro Le\u00e3o, Toninho Muricy<br \/>\nEdi\u00e7\u00e3o de Som: Vinicius Leal, Daniel Vellutini<br \/>\nMixagem de Som: Jesse Marmo<br \/>\nEntrevistados: Dom Fil\u00f3, Agenor Neto, Carlos Daf\u00e9, Carlos Alberto Medeiros, Virgilane Dutra, Salvador Gomes, DJ Nenn\u00e9n, Neia Souza, Jos\u00e9 Reinaldo Marques, R\u00f4mulo Costa e Marquinhos de Oswaldo Cruz<br \/>\nProdutora: Espiral<br \/>\nCoProdutora: Osmose Filmes, RioFilme<br \/>\nApoio: Ford Foundation\/Just Films, Open Society Foundations<\/p>\n<p><iframe src=\"https:\/\/www.youtube.com\/embed\/RmIf636_f4g?controls=0\" width=\"640\" height=\"360\" frameborder=\"0\" allowfullscreen=\"allowfullscreen\"><\/iframe><\/p>\n<p>Teaser 1 do filme: Favela \u00c9 Moda (eng.: Favela Is Fashion)<br \/>\nDiretor(a): Em\u00edlio Domingos<br \/>\nProdutora Executiva: Leticia Monte<br \/>\nG\u00eanero: Document\u00e1rio<br \/>\nEm produ\u00e7\u00e3o (coprodu\u00e7\u00e3o Osmose Filmes com a Espiral)<br \/>\nPa\u00eds de Origem: Brasil<br \/>\nCidade\/Estado: Rio de Janeiro\/RJ<br \/>\nDura\u00e7\u00e3o (Metragem): Longa Metragem<br \/>\nDura\u00e7\u00e3o (min.): 73 min<\/p>\n<p><iframe src=\"https:\/\/www.youtube.com\/embed\/nzhBagOcIBs?controls=0\" width=\"640\" height=\"360\" frameborder=\"0\" allowfullscreen=\"allowfullscreen\"><\/iframe><\/p>\n<p>Promo do filme: Favela \u00c9 Moda (ing.: Favela Is Fashion)<br \/>\nDiretor(a): Em\u00edlio Domingos<br \/>\nProdutora Executiva: Leticia Monte<br \/>\nG\u00eanero: Document\u00e1rio<br \/>\nEm produ\u00e7\u00e3o (coprodu\u00e7\u00e3o Osmose Filmes com a Espiral)<br \/>\nPa\u00eds de Origem: Brasil<br \/>\nCidade\/Estado: Rio de Janeiro\/RJ<br \/>\nDura\u00e7\u00e3o (Metragem): Longa Metragem<br \/>\nDura\u00e7\u00e3o (min.): 73 min<\/p>\n<p><iframe src=\"https:\/\/www.youtube.com\/embed\/ct20sT9wYhg?rel=0&amp;controls=0&amp;showinfo=0\" width=\"640\" height=\"360\" frameborder=\"0\" allowfullscreen=\"allowfullscreen\"><\/iframe><\/p>\n<p dir=\"ltr\">T\u00edtulo do filme: \u00a0<i>Deixa na R\u00e9gua<\/i> (ing.:\u00a0<i>Fresh Cutz<\/i> \/ fr.: <i>Les Rois de La Tondeuse<\/i>)<br \/>\nDiretor(a):\u00a0 Em\u00edlio Domingos<br \/>\nG\u00eanero: Document\u00e1rio<br \/>\nAno da produ\u00e7\u00e3o: 2016<br \/>\nPa\u00eds de Origem:\u00a0 Brasil<br \/>\nCidade\/Estado:\u00a0 Rio de Janeiro\/RJ<br \/>\nDura\u00e7\u00e3o (Metragem): Longa Metragem<br \/>\nDura\u00e7\u00e3o (min.): \u00a073 min<\/p>\n<p><iframe src=\"https:\/\/www.youtube.com\/embed\/XCNWK_gErJo?rel=0&amp;controls=0&amp;showinfo=0\" width=\"640\" height=\"360\" frameborder=\"0\" allowfullscreen=\"allowfullscreen\"><\/iframe><\/p>\n<p dir=\"ltr\">T\u00edtulo do filme:\u00a0 <i>A Batalha do Passinho<\/i> (ing.: <i>Passinho Dance Off<\/i>\/ fr.: <i>La Bataille du Passinho<\/i>)<br \/>\nDiretor(a):\u00a0 Em\u00edlio Domingos<br \/>\nG\u00eanero: Document\u00e1rio<br \/>\nAno da produ\u00e7\u00e3o: 2013<br \/>\nPa\u00eds de Origem:\u00a0 Brasil<br \/>\nCidade\/Estado:\u00a0 Rio de Janeiro\/RJ<br \/>\nDura\u00e7\u00e3o (Metragem): Longa Metragem<br \/>\nDura\u00e7\u00e3o (min.): \u00a073 min<\/p>\n<p><iframe src=\"https:\/\/www.youtube.com\/embed\/wf_pA-uIFiA?controls=0\" width=\"640\" height=\"360\" frameborder=\"0\" allowfullscreen=\"allowfullscreen\"><\/iframe><\/p>\n<p>M\u00fasica: DALI<br \/>\nArtista: Marcelo Yuka<br \/>\n\u00c0lbum: Can\u00e7\u00f5es Para Depois do \u00d3dio<br \/>\nDire\u00e7\u00e3o: Em\u00edlio Domingos<br \/>\nG\u00eanero: Clipe Musical<br \/>\nAno de produ\u00e7\u00e3o: 2017<br \/>\nEdi\u00e7\u00e3o: Lucas Millecco e Gabriel Miranda Turner<br \/>\nProdu\u00e7\u00e3o: Osmose Filmes<br \/>\nRoteiro: Em\u00edlio Domingos, Lucas Millecco e Gabriel Miranda Turner<\/p>\n<p><iframe src=\"https:\/\/www.youtube.com\/embed\/QHJxdCCFz9I?controls=0\" width=\"640\" height=\"360\" frameborder=\"0\" allowfullscreen=\"allowfullscreen\"><\/iframe><\/p>\n<p>De Passinho em Passinho Entrevista Baianinho<br \/>\nDire\u00e7\u00e3o, pesquisa e roteiro: Em\u00edlio Domingos<br \/>\nDire\u00e7\u00e3o de Fotografia: Rita Albano<br \/>\nEdi\u00e7\u00e3o: Felipe Rodrigues<br \/>\nAssistente de Edi\u00e7\u00e3o: Sarah Almeida<br \/>\nSom: J\u00falio Lobato e Christiano Campelo<br \/>\nAssistente de Produ\u00e7\u00e3o: Lu\u00edsa Surerus<br \/>\nDesign e videografismo: Rodrigo Lima<br \/>\nM\u00fasica de Abertura: Vinimax<br \/>\nStill: Joana Diniz e Clara Sthel<br \/>\nAgradecimentos: Leandra Perfects<\/p>\n<p>Saiba mais visitando o site <a href=\"http:\/\/depassinhoempassinho.com.br\/\">clicando aqui<\/a>.<\/p>\n<p><iframe src=\"https:\/\/www.youtube.com\/embed\/H7UblC91S88?controls=0\" width=\"640\" height=\"360\" frameborder=\"0\" allowfullscreen=\"allowfullscreen\"><\/iframe><\/p>\n<p>De Passinho em Passinho Dan\u00e7a Rene<br \/>\nDire\u00e7\u00e3o, pesquisa e roteiro: Em\u00edlio Domingos<br \/>\nDire\u00e7\u00e3o de Fotografia: Rita Albano<br \/>\nEdi\u00e7\u00e3o: Felipe Rodrigues<br \/>\nAssistente de Edi\u00e7\u00e3o: Sarah Almeida<br \/>\nSom: J\u00falio Lobato e Christiano Campelo<br \/>\nAssistente de Produ\u00e7\u00e3o: Lu\u00edsa Surerus<br \/>\nDesign e videografismo: Rodrigo Lima<br \/>\nM\u00fasica de Abertura: Vinimax<br \/>\nStill: Joana Diniz e Clara Sthel<br \/>\nAgradecimentos: Leandra Perfects<\/p>\n<p>Saiba mais visitando o site: http:\/\/depassinhoempassinho.com.br\/<\/p>\n<p><iframe src=\"https:\/\/www.youtube.com\/embed\/e97t3IVEoyQ?controls=0\" width=\"640\" height=\"360\" frameborder=\"0\" allowfullscreen=\"allowfullscreen\"><\/iframe><\/p>\n<p>Webs\u00e9rie Passinho Da Favela &#8211; Ep.1 &#8220;T\u00e1 no clima?&#8221;<br \/>\nProdu\u00e7\u00e3o: Jefferson Chaves e Em\u00edlio Domingos<br \/>\nDire\u00e7\u00e3o: Em\u00edlio Domingos<br \/>\nRoteiro: Jefferson Chaves (Cebolinha)<br \/>\nDire\u00e7\u00e3o de Fotografia: Rita Albano<br \/>\nEdi\u00e7\u00e3o: Yzadora Monteiro<br \/>\nAssistente de edi\u00e7\u00e3o: Lucas Millecco e Sarah Almeida<br \/>\nSom: Bruno Esp\u00edrito Santo e Vitor Kuter<br \/>\nAssistente de Produ\u00e7\u00e3o: Lu\u00edsa Surerus<br \/>\nTrilha Sonora: DJ Seduty<br \/>\nDesign: Rodrigo Lima<br \/>\nStill: Ana Clara Costa<br \/>\nProduzido por Osmose Filmes<\/p>\n<p><iframe src=\"https:\/\/www.youtube.com\/embed\/TXPpN9407c4?rel=0&amp;controls=0&amp;showinfo=0\" width=\"640\" height=\"360\" frameborder=\"0\" allowfullscreen=\"allowfullscreen\"><\/iframe><\/p>\n<p>T\u00edtulo do Filme: <i>Toda A Cidade Vai Cantar<\/i><br \/>\nDiretor (a): Em\u00edlio Domingos<br \/>\nG\u00eanero: Document\u00e1rio<br \/>\nAno da produ\u00e7\u00e3o: 2016<br \/>\nProdu\u00e7\u00e3o: Mil e Uma Imagens e Osmose Filmes<br \/>\nSom: Bruno Esp\u00edrito Santo<br \/>\nSom adicional: Rodrigo Maia<br \/>\nFotografia: Daniel Neves<br \/>\nAssistente de Dire\u00e7\u00e3o: Guilherme Ferraz<br \/>\nEdi\u00e7\u00e3o: Isabel Vidor e Guilherme Schumann<br \/>\nAssistente de Edi\u00e7\u00e3o: Tomaz Borges<br \/>\nDura\u00e7\u00e3o (min.): \u00a055 min<\/p>\n<p><iframe src=\"https:\/\/www.youtube.com\/embed\/fZZKZfHidbg?rel=0&amp;controls=0&amp;showinfo=0\" width=\"640\" height=\"360\" frameborder=\"0\" allowfullscreen=\"allowfullscreen\"><\/iframe><\/p>\n<p>M\u00fasica: <i>Altera\u00e7\u00e3o (\u00c9A!)<\/i><br \/>\nArtista: BNeg\u00e3o e Seletores de Frequ\u00eancia<br \/>\n\u00c1lbum: Sintoniza L\u00e1<br \/>\nDiretor (a): Em\u00edlio Domingos<br \/>\nG\u00eanero: Clipe musical<br \/>\nAno da produ\u00e7\u00e3o: 2012<br \/>\nGravadora: Coqueiro Verde Records<br \/>\nProdu\u00e7\u00e3o: Osmose Filmes e Maria Gorda Filmes<br \/>\nAssistente de Dire\u00e7\u00e3o: Julia Kurc<br \/>\nFotografia: Daniel Neves<br \/>\nEdi\u00e7\u00e3o: Felipe Rodrigues<br \/>\nC\u00e2mera: Felipe Drehmer e Jera Calderon<br \/>\nStill: Joca Vidal e Felipe Diniz<br \/>\nRoteiro: Bnegron e Em\u00edlio Domingos<br \/>\nAgradecimentos: Marcelo Yuka, Bidu Cordeiro, Sandro Lustosa, Os Siderais, Gus Vaz, Clarice Pamplona, Julia Polessa, Julia Mariano, Renato Massa, Moviola, Oficina do Madureira.<\/p>\n<p><iframe src=\"https:\/\/www.youtube.com\/embed\/KbWRNuzXAfI?rel=0&amp;controls=0&amp;showinfo=0\" width=\"640\" height=\"360\" frameborder=\"0\" allowfullscreen=\"allowfullscreen\"><\/iframe><\/p>\n<p>M\u00fasica: <i>M\u00fasico<\/i><br \/>\nArtista: Lucas Santtana<br \/>\n\u00c1lbum: O Deus Que Devasta Mas Tamb\u00e9m Cura<br \/>\nDiretor (a): Em\u00edlio Domingos<br \/>\nG\u00eanero: Clipe musical<br \/>\nAno da produ\u00e7\u00e3o: 2013<br \/>\nGravadora: Diginois Records<br \/>\nProdu\u00e7\u00e3o: Osmose Filmes e Maria Gorda Filmes<br \/>\nFotografia: Amara Barroso, Davi Pacheco, Em\u00edlio Domingos, Felipe Rodrigues, Julia Rocha e Tom\u00e1s Camargo<br \/>\nEdi\u00e7\u00e3o: Felipe Rodrigues<br \/>\nAgradecimentos: Boca do Trombone, Daniel Neves, Julia Mariano, Julio Lobato e Rita Albano<\/p>\n<p><iframe src=\"https:\/\/www.youtube.com\/embed\/0hwH8TmiBpg?rel=0&amp;controls=0&amp;showinfo=0\" width=\"640\" height=\"360\" frameborder=\"0\" allowfullscreen=\"allowfullscreen\"><\/iframe><\/p>\n<p>M\u00fasica: <i>Para Onde Ir\u00e1 Essa Noite?<\/i><br \/>\nArtista: Lucas Santtana<br \/>\n\u00c1lbum: O Deus Que Devasta Mas Tamb\u00e9m Cura<br \/>\nDiretor (a): Em\u00edlio Domingos<br \/>\nG\u00eanero: Clipe musical<br \/>\nAno da produ\u00e7\u00e3o: 2012<br \/>\nGravadora: Diginois Records<br \/>\nProdu\u00e7\u00e3o: Osmose Filmes, Boca do Trombone e Maria Gorda Filmes<br \/>\nAssistente de Dire\u00e7\u00e3o: Julia Kurc<br \/>\nAtores: Natalia Lage e Lucas Santtana<br \/>\nFotografia: Paulo Castiglione e Rita Albano<br \/>\nEdi\u00e7\u00e3o: Felipe Rodrigues<br \/>\nStill: Jo\u00e3o Xavi<br \/>\nIlumina\u00e7\u00e3o: Julio Lobato<\/p>\n<p><iframe src=\"https:\/\/www.youtube.com\/embed\/S--11avFoV4?rel=0&amp;controls=0&amp;showinfo=0\" width=\"640\" height=\"360\" frameborder=\"0\" allowfullscreen=\"allowfullscreen\"><\/iframe><\/p>\n<p>M\u00fasica: <i>Cira, Regina e Nana<\/i><br \/>\nArtista: Lucas Santtana<br \/>\n\u00c1lbum: Sem Nostalgia<br \/>\nDiretor (a): Em\u00edlio Domingos e Greg\u00f3rio Mariz<br \/>\nG\u00eanero: Clipe musical<br \/>\nAno da produ\u00e7\u00e3o: 2010<br \/>\nGravadora: Diginois Records \/ Yb music<br \/>\nProdu\u00e7\u00e3o: Osmose Filmes e Maria Gorda Filmes<br \/>\nAssistente de Dire\u00e7\u00e3o: Julia Kurc<br \/>\nAtrizes: Isabel Pinheiro, Luisa Baratz e Priscila Magalh\u00e3es<br \/>\nFigurino: Rebecca Ramos<br \/>\nFotografia: Daniel Neves \/ Felipe Rodrigues<br \/>\nEdi\u00e7\u00e3o: Greg\u00f3rio Mariz<\/p>\n<p><iframe src=\"https:\/\/www.youtube.com\/embed\/qms2-mrkvK8?rel=0&amp;controls=0&amp;showinfo=0\" width=\"640\" height=\"360\" frameborder=\"0\" allowfullscreen=\"allowfullscreen\"><\/iframe><\/p>\n<p>M\u00fasica: <i>Te Ensinar Meu Quadradinho<\/i><br \/>\nArtistas: Bonde do Passinho part. Vinimax<br \/>\nDire\u00e7\u00e3o: Em\u00edlio Domingos<br \/>\nG\u00eanero: Clipe musical<br \/>\nAno da produ\u00e7\u00e3o: 2014<br \/>\nProdu\u00e7\u00e3o: Osmose Filmes<br \/>\nFotografia: Julia Mariano e Daniel Neves<br \/>\nEdi\u00e7\u00e3o: Guilherme Schumann<br \/>\nFinaliza\u00e7\u00e3o: Pedro Dulci<br \/>\nAssistente de Dire\u00e7\u00e3o: Guilherme Ferraz<br \/>\nAssistente de Produ\u00e7\u00e3o: Luz Mariana Blet<\/p>\n<p><iframe src=\"https:\/\/www.youtube.com\/embed\/mt34PSMKXHw?rel=0&amp;controls=0&amp;showinfo=0\" width=\"640\" height=\"360\" frameborder=\"0\" allowfullscreen=\"allowfullscreen\"><\/iframe><\/p>\n<p>Programa: PerifeRIA<br \/>\nEpis\u00f3dio: Pagode Anos 90<br \/>\nArtistas: Marcelo Magano e Patrick Sonata<br \/>\nDire\u00e7\u00e3o: Em\u00edlio Domingos<br \/>\nFotografia: Saulo Nicolai<br \/>\nSom: Bruno Esp\u00edrito Santo<br \/>\nEdi\u00e7\u00e3o: Guilherme Schumann<br \/>\nArte: Rodrigo Lima<br \/>\nProdu\u00e7\u00e3o: Osmose Filmes<br \/>\nAno de Produ\u00e7\u00e3o: 2017<\/p>\n<p><iframe src=\"https:\/\/www.youtube.com\/embed\/OSC4OLIhjZg?rel=0&amp;controls=0&amp;showinfo=0\" width=\"640\" height=\"360\" frameborder=\"0\" allowfullscreen=\"allowfullscreen\"><\/iframe><\/p>\n<p>M\u00fasica: <i>O Passinho \u00e9 Show<\/i><br \/>\nArtista: Vinimax<br \/>\nDire\u00e7\u00e3o: Em\u00edlio Domingos<br \/>\nG\u00eanero: Clipe Musical<br \/>\nAno de Produ\u00e7\u00e3o: 2015<br \/>\nProdu\u00e7\u00e3o: Osmose filmes<br \/>\nFotografia: Paulo Castiglione, Edi\u00e7\u00e3o: Guilherme Schumann, Assistente de Dire\u00e7\u00e3o: Guilherme Ferraz, Assistente de Produ\u00e7\u00e3o: Luz Mariana Blet, Making of: Jos\u00e9 Jacy, Still: Maria Buzanowsky Apoio: Apavoramento, Arteomnes Agradecimentos: Rodrigo Kuster, Diego Esteves, Guto Dufrayer e Julia Mariano.<\/p>\n","protected":false},"excerpt":{"rendered":"<p>T\u00edtulo Original:\u00a0Chic Show Dire\u00e7\u00e3o art\u00edstica:\u00a0Em\u00edlio Domingos Dire\u00e7\u00e3o:\u00a0Felipe Giuntini Roteiro:\u00a0Milena Manfredini, Thays Berbe Montagem: Jordana Berg Fotografia: Leo Bittencourt G\u00eanero:\u00a0M\u00fasica,\u00a0Document\u00e1rio,\u00a0Diversidade e Identidade Ano de lan\u00e7amento:\u00a02023 Dura\u00e7\u00e3o: 90 min T\u00edtulo do filme: Black Rio! Black Power! Dire\u00e7\u00e3o e Roteiro: Emilio Domingos Produ\u00e7\u00e3o: Leticia Monte, Lula Buarque de Hollanda Produtores Associados: Dom Fil\u00f3, Cultne, Emilio Domingos Dire\u00e7\u00e3o de [&hellip;]<\/p>\n","protected":false},"author":1,"featured_media":0,"parent":0,"menu_order":0,"comment_status":"open","ping_status":"open","template":"","meta":[],"_links":{"self":[{"href":"http:\/\/osmosefilmes.com.br\/site\/index.php?rest_route=\/wp\/v2\/pages\/503"}],"collection":[{"href":"http:\/\/osmosefilmes.com.br\/site\/index.php?rest_route=\/wp\/v2\/pages"}],"about":[{"href":"http:\/\/osmosefilmes.com.br\/site\/index.php?rest_route=\/wp\/v2\/types\/page"}],"author":[{"embeddable":true,"href":"http:\/\/osmosefilmes.com.br\/site\/index.php?rest_route=\/wp\/v2\/users\/1"}],"replies":[{"embeddable":true,"href":"http:\/\/osmosefilmes.com.br\/site\/index.php?rest_route=%2Fwp%2Fv2%2Fcomments&post=503"}],"version-history":[{"count":29,"href":"http:\/\/osmosefilmes.com.br\/site\/index.php?rest_route=\/wp\/v2\/pages\/503\/revisions"}],"predecessor-version":[{"id":1818,"href":"http:\/\/osmosefilmes.com.br\/site\/index.php?rest_route=\/wp\/v2\/pages\/503\/revisions\/1818"}],"wp:attachment":[{"href":"http:\/\/osmosefilmes.com.br\/site\/index.php?rest_route=%2Fwp%2Fv2%2Fmedia&parent=503"}],"curies":[{"name":"wp","href":"https:\/\/api.w.org\/{rel}","templated":true}]}}