{"id":508,"date":"2017-03-04T19:03:33","date_gmt":"2017-03-04T19:03:33","guid":{"rendered":"http:\/\/osmosefilmes.com.br\/site\/?page_id=508"},"modified":"2017-03-04T23:46:07","modified_gmt":"2017-03-04T23:46:07","slug":"deixa-na-regua","status":"publish","type":"page","link":"http:\/\/osmosefilmes.com.br\/site\/?page_id=508","title":{"rendered":"Deixa na R\u00e9gua"},"content":{"rendered":"<p dir=\"ltr\"><a href=\"http:\/\/osmosefilmes.com.br\/site\/wp-content\/uploads\/2017\/03\/belo-visual.jpg\"><img loading=\"lazy\" class=\"alignnone size-full wp-image-533\" alt=\"belo visual\" src=\"http:\/\/osmosefilmes.com.br\/site\/wp-content\/uploads\/2017\/03\/belo-visual.jpg\" width=\"1000\" height=\"667\" srcset=\"http:\/\/osmosefilmes.com.br\/site\/wp-content\/uploads\/2017\/03\/belo-visual.jpg 1000w, http:\/\/osmosefilmes.com.br\/site\/wp-content\/uploads\/2017\/03\/belo-visual-300x200.jpg 300w, http:\/\/osmosefilmes.com.br\/site\/wp-content\/uploads\/2017\/03\/belo-visual-449x300.jpg 449w\" sizes=\"(max-width: 1000px) 100vw, 1000px\" \/><\/a><\/p>\n<p dir=\"ltr\">Sinopse:\u00a0Os sal\u00f5es de barbeiro das favelas e dos sub\u00farbios s\u00e3o os lugares onde a nova est\u00e9tica da periferia nasce e se expande. Ponto de encontro dos jovens, os &#8220;barbeiros&#8221; se tornaram espa\u00e7os de troca dessa juventude. \u201cDeixa na R\u00e9gua\u201d entra nesse universo e, entre cortes, giletes e tesouradas, mostra o que se passa na cabe\u00e7a dos barbeiros e de seus clientes.<\/p>\n<p dir=\"ltr\">_________________________________________________________________________<\/p>\n<p>Synopsis:\u00a0It\u2019s in the barber shops in Rio\u2019s favelas and suburbs that a new peripheric aesthetics rises and spreads itself. A meeting spot for youngsters, these barber shops have become an exchange space for such generation. \u201cFresh Cutz\u201d enters this universe and, between scissors, razor blades and hairstyles, shows what goes through the heads of barbers and their clients.<\/p>\n<p><a href=\"http:\/\/osmosefilmes.com.br\/site\/wp-content\/uploads\/2017\/03\/deixAAA.jpg\"><img loading=\"lazy\" class=\"alignnone size-full wp-image-535\" alt=\"deixAAA\" src=\"http:\/\/osmosefilmes.com.br\/site\/wp-content\/uploads\/2017\/03\/deixAAA.jpg\" width=\"480\" height=\"360\" srcset=\"http:\/\/osmosefilmes.com.br\/site\/wp-content\/uploads\/2017\/03\/deixAAA.jpg 480w, http:\/\/osmosefilmes.com.br\/site\/wp-content\/uploads\/2017\/03\/deixAAA-300x225.jpg 300w, http:\/\/osmosefilmes.com.br\/site\/wp-content\/uploads\/2017\/03\/deixAAA-400x300.jpg 400w\" sizes=\"(max-width: 480px) 100vw, 480px\" \/><\/a><\/p>\n<p><b>T\u00edtulo do filme:\u00a0<\/b> Deixa na R\u00e9gua<\/p>\n<p><b>T\u00edtulo em Ingl\u00eas: <\/b>Fresh Cutz<\/p>\n<p><b>T\u00edtulo em Franc\u00eas: <\/b>Les Rois de La Tondeuse<br \/>\n<b>Pa\u00eds de Origem:\u00a0<\/b> Brasil<br \/>\n<b>Cidade\/Estado:\u00a0<\/b> Rio de Janeiro\/RJ<br \/>\n<b>Dura\u00e7\u00e3o (Metragem): <\/b>Longa Metragem<br \/>\n<b>Dura\u00e7\u00e3o (min.): <\/b>73 min<\/p>\n<p><b>G\u00eanero: <\/b>Document\u00e1rio<br \/>\n<b>Ano da produ\u00e7\u00e3o:<\/b> 2016<br \/>\nDire\u00e7\u00e3o: Em\u00edlio Domingos<\/p>\n<p>Produ\u00e7\u00e3o: Julia Mariano e Em\u00edlio Domingos (Osmose Filmes)<\/p>\n<p>Dire\u00e7\u00e3o de Produ\u00e7\u00e3o: Julia Mariano<\/p>\n<p>Produ\u00e7\u00e3o Executiva: Alessandra Casta\u00f1eda: (Jurubeba Produ\u00e7\u00f5es)<\/p>\n<p>Dire\u00e7\u00e3o de Fotografia: L\u00e9o Bittencourt<\/p>\n<p>Montagem: Jordana Berg, edt.<\/p>\n<p>Som Direto: Julio Lobato<\/p>\n<p>Roteiro: Em\u00edlio Domingos e Julia Mariano<\/p>\n<p>Assistente de Dire\u00e7\u00e3o: Guilherme Ferraz<\/p>\n<p>Fotografia Adicional: Leo Nabuco e Paulo Castiglione<\/p>\n<p>Som Adicional: Bruno Espirito Santo<\/p>\n<p>Produ\u00e7\u00e3o de Set: Julia Kurc<\/p>\n<p>Pesquisa: Em\u00edlio Domingos<\/p>\n<p>Assistente de Edi\u00e7\u00e3o: Bianca Oliveira e Paula Fanaia<\/p>\n<p>Assistente de Produ\u00e7\u00e3o: Guilherme Ferraz<\/p>\n<p>Still \u2013 Saulo Nicolai<\/p>\n<p>Produ\u00e7\u00e3o de Finaliza\u00e7\u00e3o: Em\u00edlio Domingos e Paula Fanaia<\/p>\n<p>Designer e Videografismo: Rodrigo Lima<\/p>\n<p>Assessoria Jur\u00eddica: Paula Tupinamb\u00e1<\/p>\n<p>Edi\u00e7\u00e3o de Som e Mixagem: Vinicius Leal e Jesse Marmo.<\/p>\n<p>Assistente de Edi\u00e7\u00e3o de Som: Daniel Velutini<\/p>\n<p>P\u00f3s Produ\u00e7\u00e3o \u2013 Afinal Filmes<\/p>\n<p>Coordena\u00e7\u00e3o \u2013 Alexandre Rocha e Marcelo Pedrazzi<\/p>\n<p>Corre\u00e7\u00e3o de Cor \u2013 Beto Salvi<\/p>\n<p>Assistente de Finaliza\u00e7\u00e3o \u2013 Danielle Feno<\/p>\n<p>Pauta \u00a0\u2013 Elciane Magda<\/p>\n<p>M\u00fasica: Deixa na R\u00e9gua (Lucas Santtana)<\/p>\n<p>Produzida por Lucas Santtana e Estev\u00e3o Cas\u00e9<\/p>\n<p>Gravada, Mixada e Masterizada por Estev\u00e3o Cas\u00e9 no Rockit Est\u00fadio<\/p>\n<p>Lucas Santtana: Voz, Bateria Eletr\u00f4nica, Baixos e Sintetizadores.<\/p>\n<p>Transcri\u00e7\u00e3o: Bianca Oliveira e Guilherme Ferraz<\/p>\n<p>Comunica\u00e7\u00e3o e Publicidade: Tufi Sami<\/p>\n<p>Assessoria de Imprensa: Joca Vidal<\/p>\n<p>Motorista: Gilson Gargaglione de Aguiar<\/p>\n<p>Equipe Jurubeba:<\/p>\n<p>Assistente de Produ\u00e7\u00e3o Executiva: Carolina Moreira e Mariana Assun\u00e7\u00e3o<\/p>\n<p>Assistente de Produ\u00e7\u00e3o de Base: Daniel Araujo<\/p>\n<p><a href=\"http:\/\/osmosefilmes.com.br\/site\/wp-content\/uploads\/2017\/03\/deixa-na-r.jpg\"><img loading=\"lazy\" class=\"alignnone size-full wp-image-532\" alt=\"deixa na r\" src=\"http:\/\/osmosefilmes.com.br\/site\/wp-content\/uploads\/2017\/03\/deixa-na-r.jpg\" width=\"1280\" height=\"720\" srcset=\"http:\/\/osmosefilmes.com.br\/site\/wp-content\/uploads\/2017\/03\/deixa-na-r.jpg 1280w, http:\/\/osmosefilmes.com.br\/site\/wp-content\/uploads\/2017\/03\/deixa-na-r-300x168.jpg 300w, http:\/\/osmosefilmes.com.br\/site\/wp-content\/uploads\/2017\/03\/deixa-na-r-1024x576.jpg 1024w, http:\/\/osmosefilmes.com.br\/site\/wp-content\/uploads\/2017\/03\/deixa-na-r-500x281.jpg 500w\" sizes=\"(max-width: 1280px) 100vw, 1280px\" \/><\/a><\/p>\n<p><strong>Festivais nos quais foi exibido:<\/strong><\/p>\n<p dir=\"ltr\">Festival Internacional de Cinema do Rio 2016 &#8211; Mostra Novos Rumos<\/p>\n<p>40\u00ba Mostra Internacional de Cinema em S\u00e3o Paulo<\/p>\n<p dir=\"ltr\">Forum.Doc BH 2016<\/p>\n<p dir=\"ltr\"><strong>Pr\u00eamios Recebidos:<\/strong><\/p>\n<p dir=\"ltr\">Pr\u00eamio Especial do J\u00fari no Festival Internacional de Cinema do Rio 2016 &#8211; Mostra Novos Rumos<\/p>\n<p>\u00a0CLIQUE NO CARTAZ E ASSISTA O TRAILER \/<br \/>\nCLICK ON THE POSTER AND WATCH THE TRAILER<a title=\"DEIXA NA R\u00c9GUA - TEASER OFICIAL\" href=\"https:\/\/www.youtube.com\/watch?v=6C7vDZ4tct8&amp;t=2s\"><img loading=\"lazy\" class=\"alignnone size-full wp-image-537\" alt=\"DEIXAAAA\" src=\"http:\/\/osmosefilmes.com.br\/site\/wp-content\/uploads\/2017\/03\/DEIXAAAA.jpg\" width=\"851\" height=\"315\" \/><\/a><\/p>\n<p>&nbsp;<\/p>\n","protected":false},"excerpt":{"rendered":"<p>Sinopse:\u00a0Os sal\u00f5es de barbeiro das favelas e dos sub\u00farbios s\u00e3o os lugares onde a nova est\u00e9tica da periferia nasce e se expande. Ponto de encontro dos jovens, os &#8220;barbeiros&#8221; se tornaram espa\u00e7os de troca dessa juventude. \u201cDeixa na R\u00e9gua\u201d entra nesse universo e, entre cortes, giletes e tesouradas, mostra o que se passa na cabe\u00e7a [&hellip;]<\/p>\n","protected":false},"author":1,"featured_media":579,"parent":0,"menu_order":0,"comment_status":"open","ping_status":"open","template":"","meta":[],"_links":{"self":[{"href":"http:\/\/osmosefilmes.com.br\/site\/index.php?rest_route=\/wp\/v2\/pages\/508"}],"collection":[{"href":"http:\/\/osmosefilmes.com.br\/site\/index.php?rest_route=\/wp\/v2\/pages"}],"about":[{"href":"http:\/\/osmosefilmes.com.br\/site\/index.php?rest_route=\/wp\/v2\/types\/page"}],"author":[{"embeddable":true,"href":"http:\/\/osmosefilmes.com.br\/site\/index.php?rest_route=\/wp\/v2\/users\/1"}],"replies":[{"embeddable":true,"href":"http:\/\/osmosefilmes.com.br\/site\/index.php?rest_route=%2Fwp%2Fv2%2Fcomments&post=508"}],"version-history":[{"count":7,"href":"http:\/\/osmosefilmes.com.br\/site\/index.php?rest_route=\/wp\/v2\/pages\/508\/revisions"}],"predecessor-version":[{"id":573,"href":"http:\/\/osmosefilmes.com.br\/site\/index.php?rest_route=\/wp\/v2\/pages\/508\/revisions\/573"}],"wp:featuredmedia":[{"embeddable":true,"href":"http:\/\/osmosefilmes.com.br\/site\/index.php?rest_route=\/wp\/v2\/media\/579"}],"wp:attachment":[{"href":"http:\/\/osmosefilmes.com.br\/site\/index.php?rest_route=%2Fwp%2Fv2%2Fmedia&parent=508"}],"curies":[{"name":"wp","href":"https:\/\/api.w.org\/{rel}","templated":true}]}}