{"id":6,"date":"2013-08-22T16:40:18","date_gmt":"2013-08-22T16:40:18","guid":{"rendered":"http:\/\/osmosefilmes.com.br\/site\/?page_id=6"},"modified":"2024-05-14T20:59:25","modified_gmt":"2024-05-14T20:59:25","slug":"projetos-em-andamento","status":"publish","type":"page","link":"http:\/\/osmosefilmes.com.br\/site\/?page_id=6","title":{"rendered":"Projetos em Desenvolvimento"},"content":{"rendered":"<p><b>Computadores Fazem Arte<\/b><\/p>\n<p>Diretor: Em\u00edlio Domingos<\/p>\n<p>Argumento: Em\u00edlio Domingos e Tatiana Bacal<\/p>\n<p>Roteiro: Em\u00edlio Domingos e Tatiana Bacal<\/p>\n<p>Produtora: Vanessa Arag\u00e3o<\/p>\n<p><b>Partiu!<\/b><\/p>\n<p>Diretor: Em\u00edlio Domingos<\/p>\n<p>Argumento: Marcelo Magano e Patrick Sonata<\/p>\n<p>Roteiro: Em\u00edlio Domingos, Marcelo Magano e Patrick Sonata<\/p>\n<p>Produtora: Daniela Moreira<\/p>\n<p><b>Quebrando no Passo<\/b><\/p>\n<p>Diretor: Em\u00edlio Domingos<\/p>\n<p>Argumento: Em\u00edlio Domingos e Tatiana Bacal<\/p>\n<p>Roteiro: Em\u00edlio Domingos e Tatiana Bacal<\/p>\n<p>Produtora: Let\u00edcia Monte (Espiral)<\/p>\n<p><b>Take me back to Piau\u00ed<\/b><\/p>\n<p>Diretor: Simpl\u00edcio Neto<\/p>\n<p>Argumento: Simpl\u00edcio Neto<\/p>\n<p>Roteiro: Simpl\u00edcio Neto<\/p>\n<p>Produtora: Alessandra Casta\u00f1eda (Jurubeba)<\/p>\n<p><b>Levando a vida na Valsa<\/b><\/p>\n<p>Diretor: Em\u00edlio Domingos<\/p>\n<p>Argumento: Em\u00edlio Domingos<\/p>\n<p>Roteiro: Em\u00edlio Domingos<\/p>\n<p>Produtora: Est\u00fadio Giz e Vanessa Arag\u00e3o<\/p>\n<p>O Livro &#8211; Um Brasil Que L\u00ea<\/p>\n","protected":false},"excerpt":{"rendered":"<p>Computadores Fazem Arte Diretor: Em\u00edlio Domingos Argumento: Em\u00edlio Domingos e Tatiana Bacal Roteiro: Em\u00edlio Domingos e Tatiana Bacal Produtora: Vanessa Arag\u00e3o Partiu! Diretor: Em\u00edlio Domingos Argumento: Marcelo Magano e Patrick Sonata Roteiro: Em\u00edlio Domingos, Marcelo Magano e Patrick Sonata Produtora: Daniela Moreira Quebrando no Passo Diretor: Em\u00edlio Domingos Argumento: Em\u00edlio Domingos e Tatiana Bacal Roteiro: [&hellip;]<\/p>\n","protected":false},"author":1,"featured_media":0,"parent":0,"menu_order":0,"comment_status":"open","ping_status":"open","template":"projetos.php","meta":[],"_links":{"self":[{"href":"http:\/\/osmosefilmes.com.br\/site\/index.php?rest_route=\/wp\/v2\/pages\/6"}],"collection":[{"href":"http:\/\/osmosefilmes.com.br\/site\/index.php?rest_route=\/wp\/v2\/pages"}],"about":[{"href":"http:\/\/osmosefilmes.com.br\/site\/index.php?rest_route=\/wp\/v2\/types\/page"}],"author":[{"embeddable":true,"href":"http:\/\/osmosefilmes.com.br\/site\/index.php?rest_route=\/wp\/v2\/users\/1"}],"replies":[{"embeddable":true,"href":"http:\/\/osmosefilmes.com.br\/site\/index.php?rest_route=%2Fwp%2Fv2%2Fcomments&post=6"}],"version-history":[{"count":5,"href":"http:\/\/osmosefilmes.com.br\/site\/index.php?rest_route=\/wp\/v2\/pages\/6\/revisions"}],"predecessor-version":[{"id":1810,"href":"http:\/\/osmosefilmes.com.br\/site\/index.php?rest_route=\/wp\/v2\/pages\/6\/revisions\/1810"}],"wp:attachment":[{"href":"http:\/\/osmosefilmes.com.br\/site\/index.php?rest_route=%2Fwp%2Fv2%2Fmedia&parent=6"}],"curies":[{"name":"wp","href":"https:\/\/api.w.org\/{rel}","templated":true}]}}