{"id":601,"date":"2017-03-05T02:14:36","date_gmt":"2017-03-05T02:14:36","guid":{"rendered":"http:\/\/osmosefilmes.com.br\/site\/?page_id=601"},"modified":"2017-03-05T02:59:43","modified_gmt":"2017-03-05T02:59:43","slug":"yan-mota-socio-diretor","status":"publish","type":"page","link":"http:\/\/osmosefilmes.com.br\/site\/?page_id=601","title":{"rendered":"Yan Mota"},"content":{"rendered":"<p><a href=\"http:\/\/osmosefilmes.com.br\/site\/?attachment_id=604\" rel=\"attachment wp-att-604\"><img loading=\"lazy\" class=\"alignnone size-large wp-image-604\" alt=\"yan Mota\" src=\"http:\/\/osmosefilmes.com.br\/site\/wp-content\/uploads\/2013\/08\/yan-Mota-1024x850.jpg\" width=\"584\" height=\"484\" srcset=\"http:\/\/osmosefilmes.com.br\/site\/wp-content\/uploads\/2013\/08\/yan-Mota-1024x850.jpg 1024w, http:\/\/osmosefilmes.com.br\/site\/wp-content\/uploads\/2013\/08\/yan-Mota-150x124.jpg 150w, http:\/\/osmosefilmes.com.br\/site\/wp-content\/uploads\/2013\/08\/yan-Mota-300x249.jpg 300w, http:\/\/osmosefilmes.com.br\/site\/wp-content\/uploads\/2013\/08\/yan-Mota-361x300.jpg 361w\" sizes=\"(max-width: 584px) 100vw, 584px\" \/><\/a><\/p>\n<p>Editor, diretor e diretor de arte.\u00a0J\u00e1 editou nove document\u00e1rios que investigam e apresentam detalhes da cultura brasileira; entre os principais est\u00e3o \u201cMenino 23\u201de \u201cBernardes\u201d, ambos premiados em festivais europeus.<\/p>\n<p>Para televis\u00e3o editou as s\u00e9ries \u201cLucia McCartney\u201d, \u201cTempero Secreto\u201d e \u201cPor Isso Sou Vingativa\u201d. Editou comerciais para Coca Cola, UEFA, Sand\u00e1lias Ipanema e Natura, marca para a qual tamb\u00e9m dirigiu um video corporativo.<\/p>\n<p>Foi diretor de arte da Revista Outracoisa e diretor do videoclipe \u201cS\u00faplica Cearense\u201d da banda O Rappa.<\/p>\n","protected":false},"excerpt":{"rendered":"<p>Editor, diretor e diretor de arte.\u00a0J\u00e1 editou nove document\u00e1rios que investigam e apresentam detalhes da cultura brasileira; entre os principais est\u00e3o \u201cMenino 23\u201de \u201cBernardes\u201d, ambos premiados em festivais europeus. Para televis\u00e3o editou as s\u00e9ries \u201cLucia McCartney\u201d, \u201cTempero Secreto\u201d e \u201cPor Isso Sou Vingativa\u201d. Editou comerciais para Coca Cola, UEFA, Sand\u00e1lias Ipanema e Natura, marca para [&hellip;]<\/p>\n","protected":false},"author":1,"featured_media":0,"parent":0,"menu_order":0,"comment_status":"open","ping_status":"open","template":"","meta":[],"_links":{"self":[{"href":"http:\/\/osmosefilmes.com.br\/site\/index.php?rest_route=\/wp\/v2\/pages\/601"}],"collection":[{"href":"http:\/\/osmosefilmes.com.br\/site\/index.php?rest_route=\/wp\/v2\/pages"}],"about":[{"href":"http:\/\/osmosefilmes.com.br\/site\/index.php?rest_route=\/wp\/v2\/types\/page"}],"author":[{"embeddable":true,"href":"http:\/\/osmosefilmes.com.br\/site\/index.php?rest_route=\/wp\/v2\/users\/1"}],"replies":[{"embeddable":true,"href":"http:\/\/osmosefilmes.com.br\/site\/index.php?rest_route=%2Fwp%2Fv2%2Fcomments&post=601"}],"version-history":[{"count":4,"href":"http:\/\/osmosefilmes.com.br\/site\/index.php?rest_route=\/wp\/v2\/pages\/601\/revisions"}],"predecessor-version":[{"id":619,"href":"http:\/\/osmosefilmes.com.br\/site\/index.php?rest_route=\/wp\/v2\/pages\/601\/revisions\/619"}],"wp:attachment":[{"href":"http:\/\/osmosefilmes.com.br\/site\/index.php?rest_route=%2Fwp%2Fv2%2Fmedia&parent=601"}],"curies":[{"name":"wp","href":"https:\/\/api.w.org\/{rel}","templated":true}]}}