{"id":639,"date":"2017-03-05T03:47:24","date_gmt":"2017-03-05T03:47:24","guid":{"rendered":"http:\/\/osmosefilmes.com.br\/site\/?page_id=639"},"modified":"2017-03-05T22:35:35","modified_gmt":"2017-03-05T22:35:35","slug":"fred-coelho","status":"publish","type":"page","link":"http:\/\/osmosefilmes.com.br\/site\/?page_id=639","title":{"rendered":"Fred Coelho"},"content":{"rendered":"<p><a href=\"http:\/\/osmosefilmes.com.br\/site\/?attachment_id=634\" rel=\"attachment wp-att-634\"><img loading=\"lazy\" class=\"alignnone size-large wp-image-634\" alt=\"20161222_165453_1_\" src=\"http:\/\/osmosefilmes.com.br\/site\/wp-content\/uploads\/2017\/03\/20161222_165453_1_-823x1024.jpg\" width=\"584\" height=\"726\" srcset=\"http:\/\/osmosefilmes.com.br\/site\/wp-content\/uploads\/2017\/03\/20161222_165453_1_-823x1024.jpg 823w, http:\/\/osmosefilmes.com.br\/site\/wp-content\/uploads\/2017\/03\/20161222_165453_1_-120x150.jpg 120w, http:\/\/osmosefilmes.com.br\/site\/wp-content\/uploads\/2017\/03\/20161222_165453_1_-241x300.jpg 241w\" sizes=\"(max-width: 584px) 100vw, 584px\" \/><\/a><\/p>\n<p>Pesquisador e professor de Literatura Brasileira e Artes C\u00eanicas na PUC Rio.\u00a0 Cursou mestrado em Hist\u00f3ria no IFCS da UFRJ e doutorado em Literatura pela PUC Rio.<\/p>\n<p>Dentre sua publica\u00e7\u00f5es est\u00e3o artigos para ve\u00edculos como \u201cZUM\u201d, \u201cSibila\u201d, \u201cEstudos Hist\u00f3ricos\u201d, \u201cMargens\u201d, \u201cErr\u00e1tica\u201d, \u201cGrumo\u201d, \u201cRevista de Hist\u00f3ria da Biblioteca Nacional\u201d, \u201cAcervo\u201d, \u201cCultura Brasileira Contempor\u00e2nea\u201d, \u201cRamona\u201d, \u201cVogue\u201d, \u201cNau\u201d, \u201cO Globo\u201d e \u201cBamboo\u201d. Escreveu, tamb\u00e9m, artigos para os cat\u00e1logos da exposi\u00e7\u00f5es \u201cTropic\u00e1lia \u2013 A Revolution in Brazilian Culture\u201d e de artistas como Lygia Clark, H\u00e9lio Oiticica, Luiz Zerbini, Carlos Vergara, Gabriela Machado, Eduardo Berliner, Cabelone Raul Mour\u00e3o dentre outros.<\/p>\n<p>\u00c9 autor de livros como \u201cMPB \u2013 Entrevistas\u201d, em co autoria com Tatiana Bacal e Santuza Naves; \u201cMuseu de Arte Moderna \u2013 Arquitetura e Constru\u00e7\u00e3o\u201d; \u201cLivro ou Livro-me \u2013 Os Escritos Babil\u00f4nicos de H\u00e9lio Oiticia\u201d; \u201cEu, Brasileiro, Confesso Minha Culpa e Meu Pecado \u2013 Cultura Marginal do Brasil 1960\/1970\u201d; \u201cA Semana Sem Fim \u2013 Mem\u00f3ria e Comemora\u00e7\u00f5es da Semana de Arte Moderna de 1922\u201d e \u201cO Rappa \u2013 Lado B Lado A\u201d. Foi respons\u00e1vel pela elabora\u00e7\u00e3o do conte\u00fado completo dos sites dedicados a Tropic\u00e1lia, Nara Le\u00e3o e Vinicius de Moraes.<\/p>\n<p>Assinou a curadoria das exposi\u00e7\u00f5es \u201cLuiz Carlos Barreto: Quadro a Quadro\u201d; \u201cVianinha: Uma Vida em A\u00e7\u00e3o\u201d; \u201cTudo o Que Vive \u00e9 Espesso\u201d, de Maria Laet; \u201cContos Sem Reis\u201d, de La\u00e9rcio Redondo; \u201cNoite Americana\u201d, de Gisele Camargo e \u201cGIL70\u201d, dedicada \u00e0 carreira de Gilberto Gil.<\/p>\n","protected":false},"excerpt":{"rendered":"<p>Pesquisador e professor de Literatura Brasileira e Artes C\u00eanicas na PUC Rio.\u00a0 Cursou mestrado em Hist\u00f3ria no IFCS da UFRJ e doutorado em Literatura pela PUC Rio. Dentre sua publica\u00e7\u00f5es est\u00e3o artigos para ve\u00edculos como \u201cZUM\u201d, \u201cSibila\u201d, \u201cEstudos Hist\u00f3ricos\u201d, \u201cMargens\u201d, \u201cErr\u00e1tica\u201d, \u201cGrumo\u201d, \u201cRevista de Hist\u00f3ria da Biblioteca Nacional\u201d, \u201cAcervo\u201d, \u201cCultura Brasileira Contempor\u00e2nea\u201d, \u201cRamona\u201d, \u201cVogue\u201d, \u201cNau\u201d, [&hellip;]<\/p>\n","protected":false},"author":1,"featured_media":0,"parent":0,"menu_order":0,"comment_status":"open","ping_status":"open","template":"","meta":[],"_links":{"self":[{"href":"http:\/\/osmosefilmes.com.br\/site\/index.php?rest_route=\/wp\/v2\/pages\/639"}],"collection":[{"href":"http:\/\/osmosefilmes.com.br\/site\/index.php?rest_route=\/wp\/v2\/pages"}],"about":[{"href":"http:\/\/osmosefilmes.com.br\/site\/index.php?rest_route=\/wp\/v2\/types\/page"}],"author":[{"embeddable":true,"href":"http:\/\/osmosefilmes.com.br\/site\/index.php?rest_route=\/wp\/v2\/users\/1"}],"replies":[{"embeddable":true,"href":"http:\/\/osmosefilmes.com.br\/site\/index.php?rest_route=%2Fwp%2Fv2%2Fcomments&post=639"}],"version-history":[{"count":1,"href":"http:\/\/osmosefilmes.com.br\/site\/index.php?rest_route=\/wp\/v2\/pages\/639\/revisions"}],"predecessor-version":[{"id":640,"href":"http:\/\/osmosefilmes.com.br\/site\/index.php?rest_route=\/wp\/v2\/pages\/639\/revisions\/640"}],"wp:attachment":[{"href":"http:\/\/osmosefilmes.com.br\/site\/index.php?rest_route=%2Fwp%2Fv2%2Fmedia&parent=639"}],"curies":[{"name":"wp","href":"https:\/\/api.w.org\/{rel}","templated":true}]}}