{"id":641,"date":"2017-03-05T03:48:57","date_gmt":"2017-03-05T03:48:57","guid":{"rendered":"http:\/\/osmosefilmes.com.br\/site\/?page_id=641"},"modified":"2017-03-05T03:48:57","modified_gmt":"2017-03-05T03:48:57","slug":"marcelo-magano-e-patrick-sonata","status":"publish","type":"page","link":"http:\/\/osmosefilmes.com.br\/site\/?page_id=641","title":{"rendered":"Marcelo Magano e Patrick Sonata"},"content":{"rendered":"<p><a href=\"http:\/\/osmosefilmes.com.br\/site\/?attachment_id=636\" rel=\"attachment wp-att-636\"><img loading=\"lazy\" class=\"alignnone size-large wp-image-636\" alt=\"IMG_6760\" src=\"http:\/\/osmosefilmes.com.br\/site\/wp-content\/uploads\/2017\/03\/IMG_6760-1024x726.jpg\" width=\"584\" height=\"414\" srcset=\"http:\/\/osmosefilmes.com.br\/site\/wp-content\/uploads\/2017\/03\/IMG_6760-1024x726.jpg 1024w, http:\/\/osmosefilmes.com.br\/site\/wp-content\/uploads\/2017\/03\/IMG_6760-150x106.jpg 150w, http:\/\/osmosefilmes.com.br\/site\/wp-content\/uploads\/2017\/03\/IMG_6760-300x212.jpg 300w, http:\/\/osmosefilmes.com.br\/site\/wp-content\/uploads\/2017\/03\/IMG_6760-422x300.jpg 422w\" sizes=\"(max-width: 584px) 100vw, 584px\" \/><\/a><\/p>\n<p>&nbsp;<\/p>\n<p>S\u00e3o atores e juntos formam a dupla de com\u00e9dia \u201cMagano e Sonata\u201d.<\/p>\n<p>Atualmente realizam espet\u00e1culos autorias de palha\u00e7aria e stand up comedy em pra\u00e7as do Rio de Janeiro e produzem videos autorais para o canal Magano e Sonata no Youtube.<\/p>\n<p>J\u00e1 participaram dos programas PerifeRia e Del\u00edrios da Madrugada e dos espet\u00e1culos \u201cA Hora do Show\u201d, \u201cOcupa Escola\u201d, \u201cAmadores\u201d e \u201cHumor Negro\u201d, ambos assinados por Cico Caseira, professor da Escola Tablado e do projeto N\u00f3s do Morro.<\/p>\n<p>A forma\u00e7\u00e3o teatral dos dois se iniciou na Escola Municipal Compositor Luiz Gonzaga, e a partir da\u00ed passaram a se apresentar explorando releituras de situa\u00e7\u00f5es vividas por eles mesmos desde a inf\u00e2ncia na favela onde moram, e em suas andan\u00e7as pela cidade.<\/p>\n","protected":false},"excerpt":{"rendered":"<p>&nbsp; S\u00e3o atores e juntos formam a dupla de com\u00e9dia \u201cMagano e Sonata\u201d. Atualmente realizam espet\u00e1culos autorias de palha\u00e7aria e stand up comedy em pra\u00e7as do Rio de Janeiro e produzem videos autorais para o canal Magano e Sonata no Youtube. J\u00e1 participaram dos programas PerifeRia e Del\u00edrios da Madrugada e dos espet\u00e1culos \u201cA Hora [&hellip;]<\/p>\n","protected":false},"author":1,"featured_media":0,"parent":0,"menu_order":0,"comment_status":"open","ping_status":"open","template":"","meta":[],"_links":{"self":[{"href":"http:\/\/osmosefilmes.com.br\/site\/index.php?rest_route=\/wp\/v2\/pages\/641"}],"collection":[{"href":"http:\/\/osmosefilmes.com.br\/site\/index.php?rest_route=\/wp\/v2\/pages"}],"about":[{"href":"http:\/\/osmosefilmes.com.br\/site\/index.php?rest_route=\/wp\/v2\/types\/page"}],"author":[{"embeddable":true,"href":"http:\/\/osmosefilmes.com.br\/site\/index.php?rest_route=\/wp\/v2\/users\/1"}],"replies":[{"embeddable":true,"href":"http:\/\/osmosefilmes.com.br\/site\/index.php?rest_route=%2Fwp%2Fv2%2Fcomments&post=641"}],"version-history":[{"count":1,"href":"http:\/\/osmosefilmes.com.br\/site\/index.php?rest_route=\/wp\/v2\/pages\/641\/revisions"}],"predecessor-version":[{"id":642,"href":"http:\/\/osmosefilmes.com.br\/site\/index.php?rest_route=\/wp\/v2\/pages\/641\/revisions\/642"}],"wp:attachment":[{"href":"http:\/\/osmosefilmes.com.br\/site\/index.php?rest_route=%2Fwp%2Fv2%2Fmedia&parent=641"}],"curies":[{"name":"wp","href":"https:\/\/api.w.org\/{rel}","templated":true}]}}