{"id":8,"date":"2013-08-22T16:40:33","date_gmt":"2013-08-22T16:40:33","guid":{"rendered":"http:\/\/osmosefilmes.com.br\/site\/?page_id=8"},"modified":"2017-03-23T21:14:00","modified_gmt":"2017-03-23T21:14:00","slug":"portfolio","status":"publish","type":"page","link":"http:\/\/osmosefilmes.com.br\/site\/?page_id=8","title":{"rendered":"A Batalha do Passinho"},"content":{"rendered":"<p><a href=\"http:\/\/osmosefilmes.com.br\/site\/wp-content\/uploads\/2013\/08\/A-batalha-filme.jpg\"><img loading=\"lazy\" class=\"alignnone size-full wp-image-517\" alt=\"A batalha filme\" src=\"http:\/\/osmosefilmes.com.br\/site\/wp-content\/uploads\/2013\/08\/A-batalha-filme.jpg\" width=\"1496\" height=\"1122\" srcset=\"http:\/\/osmosefilmes.com.br\/site\/wp-content\/uploads\/2013\/08\/A-batalha-filme.jpg 1496w, http:\/\/osmosefilmes.com.br\/site\/wp-content\/uploads\/2013\/08\/A-batalha-filme-300x225.jpg 300w, http:\/\/osmosefilmes.com.br\/site\/wp-content\/uploads\/2013\/08\/A-batalha-filme-1024x768.jpg 1024w, http:\/\/osmosefilmes.com.br\/site\/wp-content\/uploads\/2013\/08\/A-batalha-filme-400x300.jpg 400w\" sizes=\"(max-width: 1496px) 100vw, 1496px\" \/><\/a><\/p>\n<p><b>Sinopse:<\/b> Surgido nas favelas cariocas, o passinho, explodiu em 2008 e desde ent\u00e3o vem mudando a cara da periferia do Rio de Janeiro. Uma nova forma de dan\u00e7ar o funk, o Passinho \u00e9 a manifesta\u00e7\u00e3o cultural carioca mais importante dos \u00faltimos 10 anos. O document\u00e1rio \u201cA Batalha do Passinho\u201d, dirigido por Emilio Domingos, acompanha de perto esse fen\u00f4meno e mostra a evolu\u00e7\u00e3o dessa cultura.<\/p>\n<p>_______________________________________________________________<\/p>\n<p><b>Synopsis:<\/b> Emerged in the favelas Rio\u2019s, the passinho, exploded in 2008 and since then has changed the face of the periphery of Rio de Janeiro. A new form of dance funk, the Passinho is the carioca cultural manifestation more importantly in the last 10 years. The documentary \u201cPassinho Dance Off \u2013 The Movie\u201d directed by Emilio Domingos, accompanying this phenomenon and shows the evolution of the movement within this culture.<\/p>\n<p dir=\"ltr\"><a style=\"font-weight: 300;\" href=\"http:\/\/osmosefilmes.com.br\/site\/wp-content\/uploads\/2017\/03\/cropped-passinho3-11.03.12-joaoxavi.jpg\"><img loading=\"lazy\" class=\"alignnone size-full wp-image-492\" alt=\"cropped-passinho3-11.03.12-joaoxavi.jpg\" src=\"http:\/\/osmosefilmes.com.br\/site\/wp-content\/uploads\/2017\/03\/cropped-passinho3-11.03.12-joaoxavi.jpg\" width=\"1000\" height=\"664\" srcset=\"http:\/\/osmosefilmes.com.br\/site\/wp-content\/uploads\/2017\/03\/cropped-passinho3-11.03.12-joaoxavi.jpg 1000w, http:\/\/osmosefilmes.com.br\/site\/wp-content\/uploads\/2017\/03\/cropped-passinho3-11.03.12-joaoxavi-300x199.jpg 300w, http:\/\/osmosefilmes.com.br\/site\/wp-content\/uploads\/2017\/03\/cropped-passinho3-11.03.12-joaoxavi-451x300.jpg 451w\" sizes=\"(max-width: 1000px) 100vw, 1000px\" \/><\/a><\/p>\n<p dir=\"ltr\">T\u00edtulo do filme:\u00a0 A Batalha do Passinho<br \/>\nPa\u00eds de Origem:\u00a0 Brasil<br \/>\nCidade\/Estado:\u00a0 Rio de Janeiro\/RJ<br \/>\nDura\u00e7\u00e3o (Metragem): Longa Metragem<br \/>\nDura\u00e7\u00e3o (min.): 73min<\/p>\n<p dir=\"ltr\">G\u00eanero: Document\u00e1rio<br \/>\nAno da produ\u00e7\u00e3o: 2013<br \/>\nDiretor(a):\u00a0 Em\u00edlio Domingos<\/p>\n<p dir=\"ltr\">Roteiro: Em\u00edlio Domingos e Julia Mariano<br \/>\nEmpresa Produtora: Osmose Filmes LTDA<br \/>\nProdutor(a):\u00a0Em\u00edlio Domingos e Julia Mariano<\/p>\n<p dir=\"ltr\">Produtores Associados: Apavoramento, Boca do Trombone e Maria Gorda Filmes<br \/>\nApoio: Afinal Filmes, Batalha do Passinho, Pav\u00ea, Audiorama, Stamppa, Mar\u00e9 Filmes,<br \/>\nJurubeba Produ\u00e7\u00f5es.<\/p>\n<p dir=\"ltr\">Assistente de Produ\u00e7\u00e3o: Julia Kurc<\/p>\n<p dir=\"ltr\">Fotografia: Daniel Neves e Paulo Castiglione<\/p>\n<p dir=\"ltr\">Fotografia Adicional: Rita Albano, Amara Barroso, Julia Rocha, Felipe Mussel, Saulo<br \/>\nNicolai, Em\u00edlio Domingos e Steen Sundland.<\/p>\n<p dir=\"ltr\">Som direto: Julio Lobato<\/p>\n<p dir=\"ltr\">Edi\u00e7\u00e3o de som: Vinicius Leal (Audiorama)<br \/>\nMontagem:\u00a0Guilherme Schumann<br \/>\nTrilha sonora original: DJ Vinimax<\/p>\n<p dir=\"ltr\">Still: Jo\u00e3o Xavi<\/p>\n<p dir=\"ltr\">Edi\u00e7\u00e3o de Batalhas: Paula Sancier<br \/>\nSom Adicional: Felipe Machado e Felipe Messina<br \/>\nPesquisa: Em\u00edlio Domingos<br \/>\nConsultoria: Julio Ludemir e Rafael Soares Nike<\/p>\n<p dir=\"ltr\">P\u00f3s produ\u00e7\u00e3o: Afinal Filmes<\/p>\n<p dir=\"ltr\">Arte: Rodrigo Lima \u2013 Pav\u00ea<\/p>\n<p dir=\"ltr\"><a href=\"http:\/\/osmosefilmes.com.br\/site\/wp-content\/uploads\/2013\/08\/a-batalha-filme-div.jpg\"><img loading=\"lazy\" class=\"alignnone size-full wp-image-518\" alt=\"a batalha filme div\" src=\"http:\/\/osmosefilmes.com.br\/site\/wp-content\/uploads\/2013\/08\/a-batalha-filme-div.jpg\" width=\"4000\" height=\"3000\" srcset=\"http:\/\/osmosefilmes.com.br\/site\/wp-content\/uploads\/2013\/08\/a-batalha-filme-div.jpg 4000w, http:\/\/osmosefilmes.com.br\/site\/wp-content\/uploads\/2013\/08\/a-batalha-filme-div-300x225.jpg 300w, http:\/\/osmosefilmes.com.br\/site\/wp-content\/uploads\/2013\/08\/a-batalha-filme-div-1024x768.jpg 1024w, http:\/\/osmosefilmes.com.br\/site\/wp-content\/uploads\/2013\/08\/a-batalha-filme-div-400x300.jpg 400w\" sizes=\"(max-width: 4000px) 100vw, 4000px\" \/><\/a><\/p>\n<p dir=\"ltr\"><b>Festivais nos quais foi exibido:<\/b><\/p>\n<p>Festival do Rio \u2013 Rio de Janeiro (2012); 4\u00ba Festival de Cinema Curta Amaz\u00f4nia (2013); Festival In-Edit Brasil (2013); BrasilCine \u2013 Estocolmo (2013); 5\u00ba Festival Internacional de Document\u00e1rios Musicais \u2013 Bahia e S\u00e3o Paulo (2013); Festival du Film Bresilien \u2013 Luxemburgo (2013); Brazilian Summer Sessions \u2013 Amsterdam (2013); Festival Multiplicidade \u2013 Rio de Janeiro (2013); 7\u00ba Brazil Film Fest \u2013 Montreal e Toronto (2013); F\u00f3rum Doc. BH \u2013 Belo Horizonte (2013); CachoeiraDoc \u2013 Cachoeira (2013); MIMO Festival \u2013 Paraty, Ouro Preto e Olinda (2013); Brazilian Summer Festival \u2013 Nova York (2014); Festival de Antropologia, Cinema e Arte FACA \u2013 Lisboa (2014); Lusophone Film Fest \u2013 Nair\u00f3bi (2014); Festival do Cinema Brasileiro de Paris \u2013 Paris (2014).<\/p>\n<p dir=\"ltr\"><b>Pr\u00eamios recebidos:<\/b><\/p>\n<p>Melhor Filme de Longa metragem &#8211; Mostra Novos Rumos do Festival do Rio (2012);<br \/>\nMelhor Filme de Longa metragem pelo J\u00fari Popular \u2013 4\u00ba Festival de Cinema Curta Amaz\u00f4nia (2013);<br \/>\nMelhor Document\u00e1rio e Melhor Filme pelo J\u00fari Popular \u2013 6\u00ba Festival Internacional do Filme Etnogr\u00e1fico do Recife (2015).<\/p>\n<p dir=\"ltr\">Classifica\u00e7\u00e3o: 10 anos<\/p>\n<p dir=\"ltr\">CLIQUE NO CARTAZ E ASSISTA O TRAILER \/<br \/>\nCLICK ON THE POSTER AND WATCH THE TRAILER<\/p>\n<p><a title=\"Passinho Dance Off - Oficial Trailer\" href=\"https:\/\/www.youtube.com\/watch?v=1RfiTXqv98U\"><img loading=\"lazy\" class=\"alignnone size-full wp-image-490\" alt=\"cropped-cartaz_CINEMA-web-1.jpg\" src=\"http:\/\/osmosefilmes.com.br\/site\/wp-content\/uploads\/2017\/03\/cropped-cartaz_CINEMA-web-1.jpg\" width=\"1000\" height=\"1425\" srcset=\"http:\/\/osmosefilmes.com.br\/site\/wp-content\/uploads\/2017\/03\/cropped-cartaz_CINEMA-web-1.jpg 1000w, http:\/\/osmosefilmes.com.br\/site\/wp-content\/uploads\/2017\/03\/cropped-cartaz_CINEMA-web-1-210x300.jpg 210w, http:\/\/osmosefilmes.com.br\/site\/wp-content\/uploads\/2017\/03\/cropped-cartaz_CINEMA-web-1-718x1024.jpg 718w\" sizes=\"(max-width: 1000px) 100vw, 1000px\" \/><\/a><\/p>\n","protected":false},"excerpt":{"rendered":"<p>Sinopse: Surgido nas favelas cariocas, o passinho, explodiu em 2008 e desde ent\u00e3o vem mudando a cara da periferia do Rio de Janeiro. Uma nova forma de dan\u00e7ar o funk, o Passinho \u00e9 a manifesta\u00e7\u00e3o cultural carioca mais importante dos \u00faltimos 10 anos. O document\u00e1rio \u201cA Batalha do Passinho\u201d, dirigido por Emilio Domingos, acompanha de [&hellip;]<\/p>\n","protected":false},"author":1,"featured_media":495,"parent":0,"menu_order":0,"comment_status":"open","ping_status":"open","template":"","meta":[],"_links":{"self":[{"href":"http:\/\/osmosefilmes.com.br\/site\/index.php?rest_route=\/wp\/v2\/pages\/8"}],"collection":[{"href":"http:\/\/osmosefilmes.com.br\/site\/index.php?rest_route=\/wp\/v2\/pages"}],"about":[{"href":"http:\/\/osmosefilmes.com.br\/site\/index.php?rest_route=\/wp\/v2\/types\/page"}],"author":[{"embeddable":true,"href":"http:\/\/osmosefilmes.com.br\/site\/index.php?rest_route=\/wp\/v2\/users\/1"}],"replies":[{"embeddable":true,"href":"http:\/\/osmosefilmes.com.br\/site\/index.php?rest_route=%2Fwp%2Fv2%2Fcomments&post=8"}],"version-history":[{"count":15,"href":"http:\/\/osmosefilmes.com.br\/site\/index.php?rest_route=\/wp\/v2\/pages\/8\/revisions"}],"predecessor-version":[{"id":959,"href":"http:\/\/osmosefilmes.com.br\/site\/index.php?rest_route=\/wp\/v2\/pages\/8\/revisions\/959"}],"wp:featuredmedia":[{"embeddable":true,"href":"http:\/\/osmosefilmes.com.br\/site\/index.php?rest_route=\/wp\/v2\/media\/495"}],"wp:attachment":[{"href":"http:\/\/osmosefilmes.com.br\/site\/index.php?rest_route=%2Fwp%2Fv2%2Fmedia&parent=8"}],"curies":[{"name":"wp","href":"https:\/\/api.w.org\/{rel}","templated":true}]}}